{"id":161,"date":"2025-06-05T10:30:29","date_gmt":"2025-06-05T10:30:29","guid":{"rendered":"https:\/\/ponspujol.parentesi.net\/?page_id=161"},"modified":"2025-07-01T09:29:57","modified_gmt":"2025-07-01T09:29:57","slug":"politica-de-privacidad","status":"publish","type":"page","link":"https:\/\/ponspujol.com\/es\/politica-de-privacidad\/","title":{"rendered":"Pol\u00edtica de Privacidad"},"content":{"rendered":"<p><div class=\"fusion-fullwidth fullwidth-box fusion-builder-row-1 fusion-flex-container has-pattern-background has-mask-background fusion-parallax-none hundred-percent-fullwidth non-hundred-percent-height-scrolling\" style=\"--awb-background-blend-mode:multiply;--awb-border-radius-top-left:0px;--awb-border-radius-top-right:0px;--awb-border-radius-bottom-right:0px;--awb-border-radius-bottom-left:0px;--awb-padding-top:100px;--awb-padding-right:0px;--awb-padding-bottom:100px;--awb-padding-left:0px;--awb-padding-top-small:60px;--awb-padding-right-small:0px;--awb-padding-bottom-small:60px;--awb-padding-left-small:0px;--awb-background-image:linear-gradient(90deg, rgba(20,22,23,0.44) 100%,rgba(20,22,23,0.16) 100%),url(https:\/\/ponspujol.com\/wp-content\/uploads\/2025\/06\/Cookies-scaled.jpg);;--awb-background-size:cover;--awb-flex-wrap:wrap;\" ><div class=\"fusion-builder-row fusion-row fusion-flex-align-items-center fusion-flex-justify-content-center fusion-flex-content-wrap\" style=\"width:104% !important;max-width:104% !important;margin-left: calc(-4% \/ 2 );margin-right: calc(-4% \/ 2 );\"><div class=\"fusion-layout-column fusion_builder_column fusion-builder-column-0 fusion_builder_column_1_1 1_1 fusion-flex-column\" style=\"--awb-bg-size:cover;--awb-width-large:100%;--awb-margin-top-large:0px;--awb-spacing-right-large:1.92%;--awb-margin-bottom-large:20px;--awb-spacing-left-large:1.92%;--awb-width-medium:100%;--awb-order-medium:0;--awb-spacing-right-medium:1.92%;--awb-spacing-left-medium:1.92%;--awb-width-small:100%;--awb-order-small:0;--awb-spacing-right-small:1.92%;--awb-spacing-left-small:1.92%;\"><div class=\"fusion-column-wrapper fusion-column-has-shadow fusion-flex-justify-content-flex-start fusion-content-layout-column\"><\/div><\/div><\/div><\/div><div class=\"fusion-fullwidth fullwidth-box fusion-builder-row-2 fusion-flex-container has-pattern-background has-mask-background nonhundred-percent-fullwidth non-hundred-percent-height-scrolling\" style=\"--awb-border-radius-top-left:0px;--awb-border-radius-top-right:0px;--awb-border-radius-bottom-right:0px;--awb-border-radius-bottom-left:0px;--awb-padding-top:70px;--awb-padding-bottom:35px;--awb-padding-top-small:30px;--awb-flex-wrap:wrap;\" ><div class=\"fusion-builder-row fusion-row fusion-flex-align-items-flex-start fusion-flex-content-wrap\" style=\"max-width:1248px;margin-left: calc(-4% \/ 2 );margin-right: calc(-4% \/ 2 );\"><div class=\"fusion-layout-column fusion_builder_column fusion-builder-column-1 fusion_builder_column_1_1 1_1 fusion-flex-column\" style=\"--awb-padding-top:30px;--awb-padding-top-small:0px;--awb-bg-size:cover;--awb-width-large:100%;--awb-margin-top-large:0px;--awb-spacing-right-large:1.92%;--awb-margin-bottom-large:20px;--awb-spacing-left-large:1.92%;--awb-width-medium:100%;--awb-order-medium:0;--awb-spacing-right-medium:1.92%;--awb-spacing-left-medium:1.92%;--awb-width-small:100%;--awb-order-small:0;--awb-spacing-right-small:1.92%;--awb-spacing-left-small:1.92%;\" data-scroll-devices=\"small-visibility,medium-visibility,large-visibility\"><div class=\"fusion-column-wrapper fusion-column-has-shadow fusion-flex-justify-content-flex-start fusion-content-layout-column\"><div class=\"fusion-title title fusion-title-1 sep-underline sep-solid fusion-title-text fusion-title-size-one\" style=\"--awb-text-color:var(--awb-color4);--awb-margin-bottom:20px;--awb-sep-color:var(--awb-color4);--awb-font-size:36px;\"><h1 class=\"fusion-title-heading title-heading-left\" style=\"font-family:var(--awb-typography2-font-family);font-weight:var(--awb-typography2-font-weight);font-style:var(--awb-typography2-font-style);margin:0;font-size:1em;letter-spacing:var(--awb-typography2-letter-spacing);text-transform:var(--awb-typography2-text-transform);line-height:var(--awb-typography2-line-height);\">POL\u00cdTICA DE PRIVACIDAD<\/h1><\/div><div class=\"fusion-text fusion-text-1\" style=\"--awb-font-size:var(--awb-typography5-font-size);--awb-line-height:var(--awb-typography5-line-height);--awb-letter-spacing:var(--awb-typography5-letter-spacing);--awb-text-transform:var(--awb-typography5-text-transform);--awb-text-color:var(--awb-color8);--awb-text-font-family:var(--awb-typography5-font-family);--awb-text-font-weight:var(--awb-typography5-font-weight);--awb-text-font-style:var(--awb-typography5-font-style);\"><h6>RESPONSABLE DEL TRATAMIENTO<\/h6>\n<p><strong>Denominaci\u00f3n Social:\u00a0<\/strong>Pons &amp; Pujol Associats. Corredoria d\u2019Assegurances SL<br \/>\n<strong>Nombre Comercial:<\/strong>\u00a0Pons &amp; Pujol<br \/>\n<strong>Domicilio Social:<\/strong>\u00a0Rovira Roure, 14-16, 7\u00e8 A, Lleida<br \/>\n<strong>CIF \/ NIF:<\/strong>\u00a0B-25277567<br \/>\n<strong>Tel\u00e9fono:<\/strong>\u00a0973 23 58 58<br \/>\n<strong>e-mail:<\/strong>\u00a0<a href=\"mailto:ponspujol@ponspujol.com\" target=\"_blank\" rel=\"noopener\">ponspujol@ponspujol.com<\/a><\/p>\n<p>Esta Pol\u00edtica de Privacidad describe c\u00f3mo <strong>Pons &amp; Pujol Associats. Corredoria d\u2019Assegurances SL<\/strong> recopila, trata y protege sus datos personales. Nos comprometemos a garantizar la privacidad y la protecci\u00f3n de sus datos conforme a la Ley Org\u00e1nica de Protecci\u00f3n de Datos y Garant\u00eda de los Derechos Digitales (LOPDGDD), el Reglamento General de Protecci\u00f3n de Datos de la Uni\u00f3n Europea (RGPD UE 679\/2016) y la Ley de Servicios de la Sociedad de la Informaci\u00f3n y de Comercio Electr\u00f3nico (LSSICE).<\/p>\n<p>Nos reservamos el derecho de modificar o adaptar esta Pol\u00edtica de Privacidad en cualquier momento, por este motivo le recomendamos revisarla siempre que acceda a nuestra web.<\/p>\n<p>Los datos que le solicitamos son adecuados, pertinentes y estrictamente necesarios para la finalidad para la que se recogen. Como usuario, usted nos certifica que todos los datos que nos remita o proporcione son ciertos, veraces y pertinentes para la finalidad que han sido solicitados, comprometi\u00e9ndose a mantenerlos actualizados.<\/p>\n<p>A continuaci\u00f3n, le proporcionamos informaci\u00f3n detallada sobre el tratamiento de sus datos personales:<\/p>\n<h6><strong>RECOPILACI\u00d3N Y TIPOS DE DATOS PERSONALES<\/strong><\/h6>\n<ul>\n<li><strong>Formularios: <\/strong>Cuando usted nos proporciona informaci\u00f3n a trav\u00e9s de los formularios de nuestro sitio web, como su nombre, direcci\u00f3n de correo electr\u00f3nico, n\u00famero de tel\u00e9fono y cualquier otro dato relevante para su consulta.<\/li>\n<li><strong>Cookies: <\/strong>Utilizamos cookies para recopilar informaci\u00f3n sobre su actividad en nuestro sitio web. Puede obtener m\u00e1s informaci\u00f3n en la <a href=\"https:\/\/ponspujol.com\/es\/index.php\/politica-de-cookies\/\" target=\"_blank\" rel=\"noopener\">pol\u00edtica de cookies<\/a> de nuestra web.<\/li>\n<li><strong>Navegaci\u00f3n<\/strong>: Nuestros servidores registran informaci\u00f3n, como su direcci\u00f3n IP, el tipo de navegador que utiliza, las p\u00e1ginas que visita en nuestro sitio web y la fecha y hora de su visita.<\/li>\n<li><strong>Redes Sociales<\/strong>: En el entorno de nuestros perfiles en redes sociales podemos tratar sus datos cuando interact\u00faa directamente con nosotros o nos env\u00eda alg\u00fan mensaje directo para atender alguna petici\u00f3n. Tambi\u00e9n podemos hacer seguimiento en redes sociales de las menciones que se hacen de nuestra marca a trav\u00e9s de perfiles p\u00fablicos.<\/li>\n<\/ul>\n<p>A este respecto queremos que conozca que el tratamiento de sus datos personales dentro del entorno de estas redes sociales se regir\u00e1 por las pol\u00edticas de privacidad de estas redes, por lo que el ejercicio de derechos por nuestra parte quedar\u00e1 limitado a aquellas que permita la red social de que se trate. Por este motivo recomendamos que antes de seguir nuestros perfiles en redes sociales revise las condiciones de uso y pol\u00edticas de privacidad de estas.<\/p>\n<h6><strong>FINALIDADES DEL TRATAMIENTO DE DATOS PERSONALES<\/strong><\/h6>\n<ul>\n<li><strong>Gesti\u00f3n de consultas y solicitudes: <\/strong>Si nos proporciona datos en el formulario de contacto o solicita informaci\u00f3n, se identificar\u00e1 para que podamos contactarle, atender sus consultas o proporcionarle informaci\u00f3n adicional sobre nuestros servicios o productos.<\/li>\n<li><strong>Comunicaciones comerciales: <\/strong>Si ha proporcionado su consentimiento o se ha suscrito a nuestros boletines informativos, podemos enviarle informaci\u00f3n comercial sobre nuestros productos, servicios, promociones o novedades.<\/li>\n<li><strong>Gesti\u00f3n de clientes y contratos: <\/strong>Tratamos sus datos para gestionar los servicios o productos que haya contratado, incluyendo si procede, \u00e9l env\u00edo, su facturaci\u00f3n o cualquier ejecuci\u00f3n necesaria.<\/li>\n<li><strong>Mejora<\/strong> <strong>de<\/strong> <strong>nuestros<\/strong> <strong>servicios:<\/strong> Utilizamos sus datos para analizar y mejorar nuestros productos y servicios, as\u00ed como nuestra estrategia comercial.<\/li>\n<li><strong>Cumplimiento<\/strong> <strong>de<\/strong> <strong>obligaciones<\/strong> <strong>legales:<\/strong> Tratamos sus datos cuando sea necesario para cumplir con nuestras obligaciones legales.<\/li>\n<li><strong>Evaluaci\u00f3n de su candidatura<\/strong>: En el caso de que nos remita su curr\u00edculum o contacte con nosotros para formar parte de nuestro equipo, o participar en nuestros procesos de selecci\u00f3n, sus datos se incorporar\u00e1n a nuestros sistemas de tratamiento de datos con el fin de evaluar su candidatura.<\/li>\n<\/ul>\n<p>Podremos contactarle y enviarle informaci\u00f3n sobre la evaluaci\u00f3n de su candidatura por medios electr\u00f3nicos, as\u00ed como por cualquier otro medio de comunicaci\u00f3n que usted nos proporcione.<\/p>\n<h6><strong>REDES SOCIALES<\/strong><\/h6>\n<p>Los datos personales ser\u00e1n tratados con la finalidad de gestionar y mantener la presencia de nuestra empresa en redes sociales. Este tratamiento incluye, pero no se limita a:<\/p>\n<ul>\n<li>Facilitar la interacci\u00f3n y participaci\u00f3n de los usuarios en nuestros perfiles de red social.<\/li>\n<li>Personalizar y mostrar contenido publicitario y promocional.<\/li>\n<li>Realizar an\u00e1lisis estad\u00edsticos sobre la eficacia de nuestras campa\u00f1as y actividades en redes.<\/li>\n<li>Responder a consultas, comentarios o solicitudes realizadas a trav\u00e9s de nuestros perfiles.<\/li>\n<\/ul>\n<h6><strong>BASE LEGAL PARA EL TRATAMIENTO DE SUS DATOS<\/strong><\/h6>\n<ul>\n<li><strong>Consentimiento: <\/strong>Cuando haya facilitado su consentimiento para el tratamiento de sus datos personales, por ejemplo, al hacer uso de nuestros formularios de contacto o suscripci\u00f3n.<\/li>\n<li><strong>Ejecuci\u00f3n<\/strong> <strong>de<\/strong> <strong>un<\/strong> <strong>contrato:<\/strong> Cuando es necesario para la ejecuci\u00f3n de un contrato o precontrato en el que usted es parte.<\/li>\n<li><strong>Inter\u00e9s leg\u00edtimo: <\/strong>Cuando es necesario para nuestros intereses leg\u00edtimos, como la mejora de nuestros servicios y la gesti\u00f3n de consultas.<\/li>\n<li><strong>Cumplimiento de obligaciones legales: <\/strong>Cuando es necesario para cumplir con las obligaciones legales a las que estamos sujetos.<\/li>\n<\/ul>\n<h6><strong>\u00bfDURANTE CU\u00c1NTO TIEMPO VAMOS A CONSERVAR SUS DATOS PERSONALES?<\/strong><\/h6>\n<p>Los datos personales proporcionados se conservar\u00e1n mientras se mantenga la relaci\u00f3n contractual o comercial o no solicite su supresi\u00f3n, as\u00ed como para atender obligaciones legales o durante el plazo por el cual pudieran derivarse responsabilidades jur\u00eddicas.<\/p>\n<p>El per\u00edodo de conservaci\u00f3n de sus datos de curr\u00edculum ser\u00e1 de un a\u00f1o, a menos que nuestros procesos de selecci\u00f3n se mantengan activos o usted ejerza su derecho de cancelaci\u00f3n antes de ese per\u00edodo. Transcurrido este plazo, procederemos autom\u00e1ticamente a la cancelaci\u00f3n y destrucci\u00f3n de su curr\u00edculum.<\/p>\n<p>En cuanto a los datos recopilados a trav\u00e9s de redes sociales, solo podremos consultarlos o darlos de baja de forma restringida, ya que est\u00e1n asociados a un perfil espec\u00edfico. Trataremos estos datos durante el tiempo que usted nos permita, sigui\u00e9ndonos, siendo amigos, o haciendo clic en \u00abme gusta\u00bb, \u00abseguir\u00bb u opciones similares.<\/p>\n<h6><strong>\u00bfINCLUIMOS DATOS PERSONALES DE TERCERAS PERSONAS?<\/strong><\/h6>\n<p>Como norma general, solo tratamos los datos que nos proporcionan los titulares. Si usted nos facilita datos de terceros, deber\u00e1 informarles y obtener su consentimiento previamente; de lo contrario, nos exime de cualquier responsabilidad por el incumplimiento de este requisito.<\/p>\n<h6><strong>\u00bfTRATAMOS DATOS DE MENORES?<\/strong><\/h6>\n<p>No tratamos datos de menores de 18 a\u00f1os. Por lo tanto, no deber\u00e1 facilitarnos sus datos si no cumple con esta edad, y nos exime de cualquier responsabilidad por el incumplimiento de este requisito.<\/p>\n<h6><strong>\u00bfREALIZAMOS COMUNICACIONES COMERCIALES POR MEDIOS ELECTR\u00d3NICOS?<\/strong><\/h6>\n<p>En caso de ser cliente o si nos autoriza, podremos enviarle comunicaciones tipo \u00abnewsletter\u00bb o informaci\u00f3n sobre novedades de nuestros servicios y noticias de su inter\u00e9s a las direcciones que nos haya facilitado.<\/p>\n<p>En cualquier momento, podr\u00e1 revocar su consentimiento para el env\u00edo de estas comunicaciones solicitando la baja de nuestros servicios de suscripci\u00f3n en las direcciones indicadas al comienzo de este documento o en la propia comunicaci\u00f3n recibida<\/p>\n<h6><strong>\u00bfQU\u00c9 MEDIDAS DE SEGURIDAD APLICAMOS?<\/strong><\/h6>\n<p>Hemos implementado medidas de seguridad t\u00e9cnicas y organizativas adecuadas para proteger sus datos personales contra el acceso no autorizado, la divulgaci\u00f3n, la alteraci\u00f3n y la destrucci\u00f3n. Utilizamos t\u00e9cnicas de seguridad de la informaci\u00f3n, como firewalls, procedimientos de control de acceso y mecanismos criptogr\u00e1ficos, con el objetivo de evitar el acceso no autorizado a los datos. Para estos fines, acepta que obtengamos datos para la correspondiente autenticaci\u00f3n de los controles de acceso, si fuera necesario<\/p>\n<p>Sin embargo, ninguna medida de seguridad es completamente infalible, por lo que le recomendamos tomar precauciones adicionales para proteger sus datos personales, como no compartir sus credenciales de acceso y asegurarse de que sus dispositivos est\u00e9n protegidos.<\/p>\n<h6><strong>\u00bfA QU\u00c9 DESTINATARIOS SE COMUNICAR\u00c1N SUS DATOS?<\/strong><\/h6>\n<p>Sus datos no ser\u00e1n comunicados a ning\u00fan tercero, salvo obligaci\u00f3n legal o cuando sea imprescindible para la gesti\u00f3n de nuestros servicios. Nuestros proveedores de servicios se han comprometido contractualmente a cumplir las disposiciones normativas aplicables en materia de protecci\u00f3n de datos en el momento de su contrataci\u00f3n.<\/p>\n<h6><strong>TRANSFERENCIAS INTERNACIONALES<\/strong><\/h6>\n<p>Con car\u00e1cter habitual, no realizamos transferencias internacionales de datos. Sin embargo, en el caso de que sea necesario realizar alguna transferencia internacional, garantizamos que se llevar\u00e1 a cabo de conformidad a la normativa de aplicaci\u00f3n. Dichas transferencias se realizar\u00e1n \u00fanicamente a pa\u00edses u organizaciones que ofrezcan un nivel adecuado de protecci\u00f3n de datos, o en situaciones espec\u00edficas, se llevar\u00e1n a cabo mediante el cumplimiento de salvaguardias adecuadas, como la adopci\u00f3n de cl\u00e1usulas contractuales tipo, normas corporativas vinculantes u otros mecanismos reconocidos por la legislaci\u00f3n aplicable.<\/p>\n<p>Nos comprometemos a garantizar la seguridad y confidencialidad de sus datos personales, aplicando las medidas necesarias para protegerlos durante cualquier transferencia internacional que pudiera llevarse a cabo.<\/p>\n<h6><strong>\u00bfQU\u00c9 DERECHOS PUEDE EJERCER?<\/strong><\/h6>\n<ul>\n<li>Puede saber si estamos tratando sus datos o no.<\/li>\n<li>Puede acceder a sus datos personales.<\/li>\n<li>Puede solicitar la rectificaci\u00f3n de sus datos si son inexactos.<\/li>\n<li>Puede solicitar la supresi\u00f3n de sus datos si ya no son necesarios para los fines para los que fueron recogidos.<\/li>\n<li>Puede solicitar la limitaci\u00f3n del tratamiento de sus datos.<\/li>\n<li>Puede presentar una reclamaci\u00f3n ante la Agencia Espa\u00f1ola de Protecci\u00f3n de Datos, autoridad de control competente, si cree que no le hemos atendido correctamente.<\/li>\n<li>Puede revocar el consentimiento para cualquier tratamiento para el que haya prestado su consentido.<\/li>\n<\/ul>\n<p>Si modifica alg\u00fan dato, deber\u00e1 comunic\u00e1rnoslo para mantenerlos actualizados. Podr\u00e1 ejercer sus derechos en las direcciones facilitadas en el encabezado del presente o en el correo: <a href=\"mailto:info@ponspujol.com\" target=\"_blank\" rel=\"noopener\">info@ponspujol.com<\/a><\/p>\n<h6>\u00bfNECESITA INFORMACI\u00d3N O UN FORMULARIO PARA EL EJERCICIO DE ESTOS DERECHOS?<\/h6>\n<p>Disponemos de formularios para el ejercicio de sus derechos, que puede solicitarnos a trav\u00e9s del correo electr\u00f3nico: <a href=\"mailto:info@ponspujol.com\" target=\"_blank\" rel=\"noopener\">info@ponspujol.com<\/a>. Estos formularios deben ir firmados electr\u00f3nicamente o acompa\u00f1ados de una fotocopia del DNI o documento equivalente.<\/p>\n<h6><strong>\u00bfCU\u00c1NTO TIEMPO TARDAMOS EN CONTESTAR A LA SOLICITUD DE DERECHOS?<\/strong><\/h6>\n<p>Como m\u00e1ximo, en un mes desde su solicitud, y dos meses si es muy complejo. En ese caso, le notificaremos que necesitamos m\u00e1s tiempo.<\/p>\n<h6><strong>\u00bfTRATAMOS COOKIES?<\/strong><\/h6>\n<p>S\u00ed, puede consultar la pol\u00edtica de cookies en el enlace correspondiente de nuestra web.<\/p>\n<h6><strong>ENLACES A SITIOS WEB DE TERCEROS<\/strong><\/h6>\n<p>Esta web puede contener enlaces a sitios web de terceros. Estos enlaces se proporcionan \u00fanicamente para facilitar el acceso y no implican nuestra aprobaci\u00f3n o respaldo sobre su contenido. No tenemos control sobre estos sitios web, no siendo responsables de sus pol\u00edticas de privacidad ni del tratamiento de sus datos personales.<\/p>\n<p>Deber\u00e1 revisar las pol\u00edticas de privacidad y avisos legales de cualquier sitio web de terceros que visite a trav\u00e9s de nuestros enlaces, ya que al acceder a sitios web de terceros, usted asume la responsabilidad y los riesgos asociados al uso de dichos sitios.<\/p>\n<h6><strong>CAMBIOS EN ESTA POL\u00cdTICA DE PRIVACIDAD<\/strong><\/h6>\n<p>Nos reservamos el derecho de modificar esta Pol\u00edtica de Privacidad en cualquier momento. Cualquier cambio se publicar\u00e1 en nuestro sitio web, y la fecha de revisi\u00f3n ser\u00e1 actualizar\u00e1. Le recomendamos que revise esta Pol\u00edtica de Privacidad peri\u00f3dicamente para estar informado de cualquier cambio.<\/p>\n<h6><strong>DATOS DE CONTACTO PARA CONSULTAS O RECLAMACIONES<\/strong><\/h6>\n<p>Si tiene alguna pregunta o comentario sobre esta Pol\u00edtica de Privacidad o sobre el tratamiento de sus datos personales, puede ponerse en contacto con nosotros a trav\u00e9s de las direcciones de correo electr\u00f3nico o los n\u00fameros de tel\u00e9fono proporcionados en el encabezado.<\/p>\n<\/div><\/div><\/div><\/div><\/div><\/p>\n","protected":false},"excerpt":{"rendered":"","protected":false},"author":1,"featured_media":0,"parent":0,"menu_order":0,"comment_status":"closed","ping_status":"open","template":"100-width.php","meta":{"footnotes":""},"class_list":["post-161","page","type-page","status-publish","hentry"],"_links":{"self":[{"href":"https:\/\/ponspujol.com\/es\/wp-json\/wp\/v2\/pages\/161","targetHints":{"allow":["GET"]}}],"collection":[{"href":"https:\/\/ponspujol.com\/es\/wp-json\/wp\/v2\/pages"}],"about":[{"href":"https:\/\/ponspujol.com\/es\/wp-json\/wp\/v2\/types\/page"}],"author":[{"embeddable":true,"href":"https:\/\/ponspujol.com\/es\/wp-json\/wp\/v2\/users\/1"}],"replies":[{"embeddable":true,"href":"https:\/\/ponspujol.com\/es\/wp-json\/wp\/v2\/comments?post=161"}],"version-history":[{"count":12,"href":"https:\/\/ponspujol.com\/es\/wp-json\/wp\/v2\/pages\/161\/revisions"}],"predecessor-version":[{"id":703,"href":"https:\/\/ponspujol.com\/es\/wp-json\/wp\/v2\/pages\/161\/revisions\/703"}],"wp:attachment":[{"href":"https:\/\/ponspujol.com\/es\/wp-json\/wp\/v2\/media?parent=161"}],"curies":[{"name":"wp","href":"https:\/\/api.w.org\/{rel}","templated":true}]}}