{"id":2,"date":"2025-05-27T15:43:19","date_gmt":"2025-05-27T15:43:19","guid":{"rendered":"https:\/\/ponspujol.parentesi.net\/?page_id=2"},"modified":"2025-06-18T10:32:21","modified_gmt":"2025-06-18T10:32:21","slug":"contacto","status":"publish","type":"page","link":"https:\/\/ponspujol.com\/es\/contacto\/","title":{"rendered":"CONTACTO"},"content":{"rendered":"<p><div class=\"fusion-fullwidth fullwidth-box fusion-builder-row-1 fusion-flex-container has-pattern-background has-mask-background fusion-parallax-none nonhundred-percent-fullwidth non-hundred-percent-height-scrolling\" style=\"--awb-background-position:left center;--awb-background-blend-mode:multiply;--awb-border-radius-top-left:0px;--awb-border-radius-top-right:0px;--awb-border-radius-bottom-right:0px;--awb-border-radius-bottom-left:0px;--awb-padding-top:250px;--awb-padding-right:0px;--awb-padding-bottom:50px;--awb-padding-left:0px;--awb-padding-top-small:60px;--awb-padding-right-small:0px;--awb-padding-bottom-small:60px;--awb-padding-left-small:0px;--awb-background-color:#8c163e;--awb-background-image:url(&quot;https:\/\/ponspujol.com\/wp-content\/uploads\/2025\/06\/Contacte_1_3-scaled.jpg&quot;);--awb-background-size:cover;--awb-flex-wrap:wrap;\" ><div class=\"fusion-builder-row fusion-row fusion-flex-align-items-flex-end fusion-flex-justify-content-center fusion-flex-content-wrap\" style=\"max-width:1248px;margin-left: calc(-4% \/ 2 );margin-right: calc(-4% \/ 2 );\"><div class=\"fusion-layout-column fusion_builder_column fusion-builder-column-0 fusion_builder_column_1_1 1_1 fusion-flex-column\" style=\"--awb-bg-size:cover;--awb-width-large:100%;--awb-margin-top-large:0px;--awb-spacing-right-large:1.92%;--awb-margin-bottom-large:20px;--awb-spacing-left-large:1.92%;--awb-width-medium:100%;--awb-order-medium:0;--awb-spacing-right-medium:1.92%;--awb-spacing-left-medium:1.92%;--awb-width-small:100%;--awb-order-small:0;--awb-spacing-right-small:1.92%;--awb-spacing-left-small:1.92%;\"><div class=\"fusion-column-wrapper fusion-column-has-shadow fusion-flex-justify-content-flex-start fusion-content-layout-column\"><div class=\"fusion-title title fusion-title-1 fusion-no-small-visibility fusion-sep-none fusion-title-text fusion-title-size-one\" style=\"--awb-text-color:var(--awb-color1);--awb-font-size:var(--awb-typography1-font-size);\"><h1 class=\"fusion-title-heading title-heading-left\" style=\"font-family:var(--awb-typography1-font-family);font-weight:var(--awb-typography1-font-weight);font-style:var(--awb-typography1-font-style);margin:0;font-size:1em;letter-spacing:var(--awb-typography1-letter-spacing);text-transform:var(--awb-typography1-text-transform);line-height:var(--awb-typography1-line-height);\">Contacto<\/h1><\/div><div class=\"fusion-separator fusion-no-small-visibility\" style=\"align-self: flex-start;margin-right:auto;margin-top:10px;margin-bottom:0px;width:100%;max-width:60px;\"><div class=\"fusion-separator-border sep-single sep-solid\" style=\"--awb-height:20px;--awb-amount:20px;--awb-sep-color:var(--awb-color1);border-color:var(--awb-color1);border-top-width:3px;\"><\/div><\/div><\/div><\/div><\/div><\/div><div class=\"fusion-fullwidth fullwidth-box fusion-builder-row-2 fusion-flex-container has-pattern-background has-mask-background nonhundred-percent-fullwidth non-hundred-percent-height-scrolling\" style=\"--awb-border-radius-top-left:0px;--awb-border-radius-top-right:0px;--awb-border-radius-bottom-right:0px;--awb-border-radius-bottom-left:0px;--awb-padding-top:70px;--awb-padding-bottom:35px;--awb-padding-top-small:30px;--awb-flex-wrap:wrap;\" ><div class=\"fusion-builder-row fusion-row fusion-flex-align-items-flex-start fusion-flex-content-wrap\" style=\"max-width:1248px;margin-left: calc(-4% \/ 2 );margin-right: calc(-4% \/ 2 );\"><div class=\"fusion-layout-column fusion_builder_column fusion-builder-column-1 fusion_builder_column_1_3 1_3 fusion-flex-column\" style=\"--awb-padding-top:50px;--awb-padding-top-small:20px;--awb-bg-size:cover;--awb-width-large:33.333333333333%;--awb-margin-top-large:0px;--awb-spacing-right-large:5.76%;--awb-margin-bottom-large:0px;--awb-spacing-left-large:5.76%;--awb-width-medium:33.333333333333%;--awb-order-medium:0;--awb-spacing-right-medium:5.76%;--awb-spacing-left-medium:5.76%;--awb-width-small:100%;--awb-order-small:0;--awb-spacing-right-small:1.92%;--awb-spacing-left-small:1.92%;\" data-scroll-devices=\"small-visibility,medium-visibility,large-visibility\"><div class=\"fusion-column-wrapper fusion-column-has-shadow fusion-flex-justify-content-flex-start fusion-content-layout-column\"><div class=\"fusion-image-element fusion-no-small-visibility\" style=\"text-align:left;--awb-max-width:200px;--awb-caption-title-font-family:var(--h2_typography-font-family);--awb-caption-title-font-weight:var(--h2_typography-font-weight);--awb-caption-title-font-style:var(--h2_typography-font-style);--awb-caption-title-size:var(--h2_typography-font-size);--awb-caption-title-transform:var(--h2_typography-text-transform);--awb-caption-title-line-height:var(--h2_typography-line-height);--awb-caption-title-letter-spacing:var(--h2_typography-letter-spacing);\"><span class=\" fusion-imageframe imageframe-none imageframe-1 hover-type-none\"><img decoding=\"async\" width=\"727\" height=\"303\" title=\"Pons Pujol-logo\" src=\"https:\/\/ponspujol.com\/wp-content\/uploads\/2025\/05\/Pons-Pujol-logo.png\" alt class=\"img-responsive wp-image-20\" srcset=\"https:\/\/ponspujol.com\/wp-content\/uploads\/2025\/05\/Pons-Pujol-logo-200x83.png 200w, https:\/\/ponspujol.com\/wp-content\/uploads\/2025\/05\/Pons-Pujol-logo-400x167.png 400w, https:\/\/ponspujol.com\/wp-content\/uploads\/2025\/05\/Pons-Pujol-logo-600x250.png 600w, https:\/\/ponspujol.com\/wp-content\/uploads\/2025\/05\/Pons-Pujol-logo.png 727w\" sizes=\"(max-width: 640px) 100vw, 400px\" \/><\/span><\/div><div class=\"fusion-separator fusion-no-small-visibility\" style=\"align-self: flex-start;margin-right:auto;margin-top:30px;margin-bottom:30px;width:100%;max-width:60px;\"><div class=\"fusion-separator-border sep-single sep-solid\" style=\"--awb-height:20px;--awb-amount:20px;--awb-sep-color:var(--awb-color4);border-color:var(--awb-color4);border-top-width:3px;\"><\/div><\/div><div class=\"fusion-text fusion-text-1\" style=\"--awb-font-size:var(--awb-typography5-font-size);--awb-line-height:var(--awb-typography5-line-height);--awb-letter-spacing:var(--awb-typography5-letter-spacing);--awb-text-transform:var(--awb-typography5-text-transform);--awb-text-color:var(--awb-color8);--awb-text-font-family:var(--awb-typography5-font-family);--awb-text-font-weight:var(--awb-typography5-font-weight);--awb-text-font-style:var(--awb-typography5-font-style);\"><p>Rovira Roure, 14-16 \u2013 7\u00e8-A<br \/>\n25006 Lleida<br \/>\nTel.\u00a0<strong>973 23 58 58<\/strong><br \/>\n<a href=\"mailto:info@ponspujol.com\" target=\"_blank\" rel=\"noopener noreferrer\">info@ponspujol.com<\/a><\/p>\n<\/div><div class=\"fusion-separator fusion-no-medium-visibility fusion-no-large-visibility\" style=\"align-self: flex-start;margin-right:auto;margin-top:20px;margin-bottom:30px;width:100%;max-width:60px;\"><div class=\"fusion-separator-border sep-single sep-solid\" style=\"--awb-height:20px;--awb-amount:20px;--awb-sep-color:var(--awb-color4);border-color:var(--awb-color4);border-top-width:3px;\"><\/div><\/div><\/div><\/div><div class=\"fusion-layout-column fusion_builder_column fusion-builder-column-2 fusion_builder_column_2_3 2_3 fusion-flex-column\" style=\"--awb-padding-top:30px;--awb-padding-top-small:0px;--awb-bg-size:cover;--awb-width-large:66.666666666667%;--awb-margin-top-large:0px;--awb-spacing-right-large:2.88%;--awb-margin-bottom-large:20px;--awb-spacing-left-large:2.88%;--awb-width-medium:66.666666666667%;--awb-order-medium:0;--awb-spacing-right-medium:2.88%;--awb-spacing-left-medium:2.88%;--awb-width-small:100%;--awb-order-small:0;--awb-spacing-right-small:1.92%;--awb-spacing-left-small:1.92%;\" data-scroll-devices=\"small-visibility,medium-visibility,large-visibility\"><div class=\"fusion-column-wrapper fusion-column-has-shadow fusion-flex-justify-content-flex-start fusion-content-layout-column\"><div class=\"fusion-text fusion-text-2\" style=\"--awb-font-size:var(--awb-typography2-font-size);--awb-line-height:var(--awb-typography2-line-height);--awb-letter-spacing:var(--awb-typography2-letter-spacing);--awb-text-transform:var(--awb-typography2-text-transform);--awb-text-color:var(--awb-color8);--awb-text-font-family:var(--awb-typography2-font-family);--awb-text-font-weight:var(--awb-typography2-font-weight);--awb-text-font-style:var(--awb-typography2-font-style);\"><p>Expl\u00edquenos lo que necesita y le daremos soluciones<\/p>\n<\/div><div class=\"fusion-separator fusion-no-small-visibility\" style=\"align-self: flex-start;margin-right:auto;margin-top:20px;margin-bottom:30px;width:100%;max-width:60px;\"><div class=\"fusion-separator-border sep-single sep-solid\" style=\"--awb-height:20px;--awb-amount:20px;--awb-sep-color:var(--awb-color4);border-color:var(--awb-color4);border-top-width:3px;\"><\/div><\/div><div class=\"fusion-form fusion-form-builder fusion-form-form-wrapper fusion-form-78 has-icon-alignment\" style=\"--awb-tooltip-text-color:#ffffff;--awb-tooltip-background-color:var(--awb-color8);--awb-field-margin-top:5px;--awb-field-margin-bottom:15px;--awb-form-bg-color:var(--awb-color2);--awb-label-font-size:13px;--awb-form-font-size:14px;--awb-form-placeholder-color:var(--awb-color4);--awb-form-text-color:var(--awb-color8);--awb-form-label-color:var(--awb-color8);--awb-form-border-width-top:0px;--awb-form-border-width-bottom:0px;--awb-form-border-width-right:0px;--awb-form-border-width-left:0px;--awb-form-border-color:var(--awb-color6);--awb-form-focus-border-color:var(--awb-color4);--awb-form-focus-border-hover-color:hsla(var(--awb-color4-h),var(--awb-color4-s),var(--awb-color4-l),calc(var(--awb-color4-a) - 50%));--awb-form-border-radius:3px;--awb-icon-alignment-top:0px;--awb-icon-alignment-bottom:0px;--awb-icon-alignment-font-size:14px;\" data-form-id=\"78\" data-config=\"{&quot;form_id&quot;:78,&quot;form_post_id&quot;:78,&quot;post_id&quot;:2,&quot;form_type&quot;:&quot;ajax&quot;,&quot;confirmation_type&quot;:&quot;message&quot;,&quot;redirect_url&quot;:&quot;&quot;,&quot;field_labels&quot;:{&quot;nombre&quot;:&quot;Nombre&quot;,&quot;email&quot;:&quot;email&quot;,&quot;telefono&quot;:&quot;Tel\\u00e9fono&quot;,&quot;consulta&quot;:&quot;Consulta&quot;,&quot;&quot;:&quot;&quot;},&quot;field_logics&quot;:{&quot;nombre&quot;:&quot;&quot;,&quot;email&quot;:&quot;&quot;,&quot;telefono&quot;:&quot;&quot;,&quot;consulta&quot;:&quot;&quot;,&quot;&quot;:&quot;&quot;,&quot;notice_1&quot;:&quot;&quot;},&quot;field_types&quot;:{&quot;nombre&quot;:&quot;text&quot;,&quot;email&quot;:&quot;email&quot;,&quot;telefono&quot;:&quot;phone_number&quot;,&quot;consulta&quot;:&quot;textarea&quot;,&quot;&quot;:&quot;checkbox&quot;,&quot;submit_1&quot;:&quot;submit&quot;,&quot;notice_1&quot;:&quot;notice&quot;},&quot;nonce_method&quot;:&quot;ajax&quot;}\"><form action=\"https:\/\/ponspujol.com\/es\/contacto\/\" method=\"post\" class=\"fusion-form fusion-form-78\"><div class=\"fusion-fullwidth fullwidth-box fusion-builder-row-2-1 fusion-flex-container has-pattern-background has-mask-background nonhundred-percent-fullwidth non-hundred-percent-height-scrolling\" style=\"--awb-border-radius-top-left:0px;--awb-border-radius-top-right:0px;--awb-border-radius-bottom-right:0px;--awb-border-radius-bottom-left:0px;--awb-flex-wrap:wrap;\" ><div class=\"fusion-builder-row fusion-row fusion-flex-align-items-flex-start fusion-flex-content-wrap\" style=\"width:104% !important;max-width:104% !important;margin-left: calc(-4% \/ 2 );margin-right: calc(-4% \/ 2 );\"><div class=\"fusion-layout-column fusion_builder_column fusion-builder-column-3 fusion_builder_column_1_1 1_1 fusion-flex-column\" style=\"--awb-bg-size:cover;--awb-width-large:100%;--awb-margin-top-large:0px;--awb-spacing-right-large:1.92%;--awb-margin-bottom-large:20px;--awb-spacing-left-large:1.92%;--awb-width-medium:100%;--awb-order-medium:0;--awb-spacing-right-medium:1.92%;--awb-spacing-left-medium:1.92%;--awb-width-small:100%;--awb-order-small:0;--awb-spacing-right-small:1.92%;--awb-spacing-left-small:1.92%;\"><div class=\"fusion-column-wrapper fusion-column-has-shadow fusion-flex-justify-content-flex-start fusion-content-layout-column\"><div class=\"fusion-form-field fusion-form-text-field fusion-form-label-above\" style=\"\" data-form-id=\"78\"><div class=\"fusion-form-label-wrapper\"><label for=\"nombre\">Nombre<\/label><\/div><input type=\"text\" autocomplete=\"off\" name=\"nombre\" id=\"nombre\" value=\"\"  class=\"fusion-form-input\" data-holds-private-data=\"false\" minlength=\"0\"\/><\/div><div class=\"fusion-form-field fusion-form-email-field fusion-form-label-above\" style=\"\" data-form-id=\"78\"><div class=\"fusion-form-label-wrapper\"><label for=\"email\">email <abbr class=\"fusion-form-element-required\" title=\"required\">*<\/abbr><\/label><\/div><input type=\"email\" autocomplete=\"off\" name=\"email\" id=\"email\" value=\"\"  class=\"fusion-form-input\" required=\"true\" aria-required=\"true\" data-holds-private-data=\"false\"\/><\/div><div class=\"fusion-form-field fusion-form-phone-number-field fusion-form-label-above\" style=\"\" data-form-id=\"78\"><div class=\"fusion-form-label-wrapper\"><label for=\"telefono\">Tel\u00e9fono<\/label><\/div><input type=\"tel\" autocomplete=\"off\" name=\"telefono\" id=\"telefono\" value=\"\"  class=\"fusion-form-input\" data-holds-private-data=\"false\"\/><\/div><div class=\"fusion-form-field fusion-form-textarea-field fusion-form-label-above\" style=\"\" data-form-id=\"78\"><label for=\"consulta\">Consulta<\/label><textarea cols=\"40\" autocomplete=\"off\"  minlength=\"0\"  rows=\"4\" tabindex=\"\" id=\"consulta\" name=\"consulta\" class=\"fusion-form-input\" data-holds-private-data=\"false\"><\/textarea><\/div><div class=\"fusion-form-field fusion-form-checkbox-field fusion-form-label-above\" style=\"\" data-form-id=\"78\"><fieldset><div class=\"fusion-form-checkbox\"><input tabindex=\"\" id=\"checkbox--1-0\" type=\"checkbox\" value=\"He le\u00eddo y acepto <a><a href='https:\/\/ponspujol.com\/es\/politica-de-privacidad\/' target='_blank'>la pol\u00edtica de privacidad<\/a>\" name=\"[]\" class=\"fusion-form-input\" data-holds-private-data=\"false\"\/><label for=\"checkbox--1-0\">He le\u00eddo y acepto <a><a href='https:\/\/ponspujol.com\/es\/politica-de-privacidad\/' target='_blank'>la pol\u00edtica de privacidad<\/a><\/label><\/div><div class=\"fusion-form-checkbox\"><input tabindex=\"\" id=\"checkbox--1-1\" type=\"checkbox\" value=\"Autorizo el env\u00edo de informaci\u00f3n comercial\" name=\"[]\" class=\"fusion-form-input\" data-holds-private-data=\"false\"\/><label for=\"checkbox--1-1\">Autorizo el env\u00edo de informaci\u00f3n comercial<\/label><\/div><\/fieldset><\/div><div class=\"fusion-text fusion-text-3\" style=\"--awb-font-size:10px;--awb-line-height:var(--awb-typography5-line-height);--awb-letter-spacing:var(--awb-typography5-letter-spacing);--awb-text-transform:var(--awb-typography5-text-transform);--awb-text-color:var(--awb-color8);--awb-text-font-family:var(--awb-typography5-font-family);--awb-text-font-weight:var(--awb-typography5-font-weight);--awb-text-font-style:var(--awb-typography5-font-style);\"><ul>\n<li><strong>INFORMACI\u00d3N B\u00c1SICA DE PROTECCI\u00d3N DE DATOS<\/strong>:\u00a0En cumplimiento del deber de informar a los interesados de las circunstancias y condiciones del tratamiento de sus datos y de los derechos que le asisten, ponemos a su disposici\u00f3n la siguiente informaci\u00f3n.<\/li>\n<li><strong>RESPONSABLE DE TRATAMIENTO<\/strong>: Pons &amp; Pujol Associats. Corredoria d\u2019Assegurances SL<\/li>\n<li><strong>FINALIDAD DEL TRATAMIENTO DE SUS DATOS<\/strong>:\u00a0Gestionar y responder su consulta.<\/li>\n<li><strong>CONSERVACI\u00d3N DE LOS DATOS:<\/strong>\u00a0Los datos se conservan el tiempo estrictamente necesario para la relaci\u00f3n y lo que le es exigible legalmente, siendo destruidos posteriormente mediante los procesos seguros de la organizaci\u00f3n.<\/li>\n<li><strong>LEGITIMACI\u00d3N PARA EL TRATAMIENTO<\/strong>:\u00a0 Inter\u00e9s leg\u00edtimo de las partes para dar respuesta a la solicitud de informaci\u00f3n.<\/li>\n<li><strong>DESTINATARIOS DE SUS DATOS PERSONALES<\/strong>:\u00a0No se prev\u00e9n cesiones de datos salvo en aquellos casos en que exista una obligaci\u00f3n legal. No hay previsi\u00f3n de transferencias de datos internacionales.<\/li>\n<li><strong>SUS DERECHOS<\/strong>: Puede revocar el consentimiento y ejercer sus Derechos a acceder, rectificar, oponerse, limitar, portar y suprimir los datos, escribiendo a Pons &amp; Pujol Associats, Rovira Roure, 14-16, 7\u00e8 A, 25006 Lleida, adem\u00e1s de acudir a la autoridad de control competente (AEPD).<\/li>\n<\/ul>\n<\/div>\n<div class=\"fusion-form-field fusion-form-submit-field fusion-form-label-above\" style=\"\" data-form-id=\"78\"><div style=\"text-align:left;\"><button type=\"submit\" class=\"fusion-button button-flat fusion-button-default-size button-default fusion-button-default button-1 fusion-button-default-span  form-form-submit button-default\" style=\"--button_margin-top:20px;\" data-form-number=\"78\" tabindex=\"\"><span class=\"fusion-button-text awb-button__text awb-button__text--default\">Enviar<\/span><\/button><\/div><\/div><div class=\"form-submission-notices data-notice_1\" id=\"fusion-notices-1\"><div class=\"fusion-alert alert success alert-success fusion-alert-center fusion-form-response fusion-form-response-success awb-alert-native-link-color alert-dismissable awb-alert-close-boxed\" style=\"--awb-margin-top:10px;--awb-margin-right:10px;--awb-margin-bottom:10px;--awb-margin-left:10px;\" role=\"alert\"><div class=\"fusion-alert-content-wrapper\"><span class=\"alert-icon\"><i class=\"awb-icon-check-circle\" aria-hidden=\"true\"><\/i><\/span><span class=\"fusion-alert-content\">Gracias por contactar con nosotros, en breve nos pondremos en contacto<\/span><\/div><button type=\"button\" class=\"close toggle-alert\" data-dismiss=\"alert\" aria-label=\"Close\">&times;<\/button><\/div><div class=\"fusion-alert alert error alert-danger fusion-alert-center fusion-form-response fusion-form-response-error awb-alert-native-link-color alert-dismissable awb-alert-close-boxed\" style=\"--awb-margin-top:10px;--awb-margin-right:10px;--awb-margin-bottom:10px;--awb-margin-left:10px;\" role=\"alert\"><div class=\"fusion-alert-content-wrapper\"><span class=\"alert-icon\"><i class=\"awb-icon-exclamation-triangle\" aria-hidden=\"true\"><\/i><\/span><span class=\"fusion-alert-content\">Parece que ha habido un problema en el env\u00edo. Int\u00e9ntalo de nuevo.<\/span><\/div><button type=\"button\" class=\"close toggle-alert\" data-dismiss=\"alert\" aria-label=\"Close\">&times;<\/button><\/div><\/div><\/div><\/div><\/div><\/div><input type=\"hidden\" name=\"fusion_privacy_store_ip_ua\" value=\"false\"><input type=\"hidden\" name=\"fusion_privacy_expiration_interval\" value=\"48\"><input type=\"hidden\" name=\"privacy_expiration_action\" value=\"anonymize\"><\/form><\/div><\/div><\/div><\/div><\/div><\/p>\n","protected":false},"excerpt":{"rendered":"","protected":false},"author":1,"featured_media":0,"parent":0,"menu_order":0,"comment_status":"closed","ping_status":"open","template":"100-width.php","meta":{"footnotes":""},"class_list":["post-2","page","type-page","status-publish","hentry"],"_links":{"self":[{"href":"https:\/\/ponspujol.com\/es\/wp-json\/wp\/v2\/pages\/2","targetHints":{"allow":["GET"]}}],"collection":[{"href":"https:\/\/ponspujol.com\/es\/wp-json\/wp\/v2\/pages"}],"about":[{"href":"https:\/\/ponspujol.com\/es\/wp-json\/wp\/v2\/types\/page"}],"author":[{"embeddable":true,"href":"https:\/\/ponspujol.com\/es\/wp-json\/wp\/v2\/users\/1"}],"replies":[{"embeddable":true,"href":"https:\/\/ponspujol.com\/es\/wp-json\/wp\/v2\/comments?post=2"}],"version-history":[{"count":39,"href":"https:\/\/ponspujol.com\/es\/wp-json\/wp\/v2\/pages\/2\/revisions"}],"predecessor-version":[{"id":603,"href":"https:\/\/ponspujol.com\/es\/wp-json\/wp\/v2\/pages\/2\/revisions\/603"}],"wp:attachment":[{"href":"https:\/\/ponspujol.com\/es\/wp-json\/wp\/v2\/media?parent=2"}],"curies":[{"name":"wp","href":"https:\/\/api.w.org\/{rel}","templated":true}]}}