{"id":489,"date":"2025-06-05T10:12:01","date_gmt":"2025-06-05T10:12:01","guid":{"rendered":"https:\/\/ponspujol.parentesi.net\/index.php\/avis-legal\/"},"modified":"2025-07-01T09:11:59","modified_gmt":"2025-07-01T09:11:59","slug":"aviso-legal","status":"publish","type":"page","link":"https:\/\/ponspujol.com\/es\/aviso-legal\/","title":{"rendered":"Aviso Legal"},"content":{"rendered":"<p><div class=\"fusion-fullwidth fullwidth-box fusion-builder-row-1 fusion-flex-container has-pattern-background has-mask-background fusion-parallax-none hundred-percent-fullwidth non-hundred-percent-height-scrolling\" style=\"--awb-background-blend-mode:multiply;--awb-border-radius-top-left:0px;--awb-border-radius-top-right:0px;--awb-border-radius-bottom-right:0px;--awb-border-radius-bottom-left:0px;--awb-padding-top:100px;--awb-padding-right:0px;--awb-padding-bottom:100px;--awb-padding-left:0px;--awb-padding-top-small:60px;--awb-padding-right-small:0px;--awb-padding-bottom-small:60px;--awb-padding-left-small:0px;--awb-background-image:linear-gradient(90deg, rgba(20,22,23,0.44) 100%,rgba(20,22,23,0.16) 100%),url(https:\/\/ponspujol.com\/wp-content\/uploads\/2025\/06\/Cookies-scaled.jpg);;--awb-background-size:cover;--awb-flex-wrap:wrap;\" ><div class=\"fusion-builder-row fusion-row fusion-flex-align-items-center fusion-flex-justify-content-center fusion-flex-content-wrap\" style=\"width:104% !important;max-width:104% !important;margin-left: calc(-4% \/ 2 );margin-right: calc(-4% \/ 2 );\"><div class=\"fusion-layout-column fusion_builder_column fusion-builder-column-0 fusion_builder_column_1_1 1_1 fusion-flex-column\" style=\"--awb-bg-size:cover;--awb-width-large:100%;--awb-margin-top-large:0px;--awb-spacing-right-large:1.92%;--awb-margin-bottom-large:20px;--awb-spacing-left-large:1.92%;--awb-width-medium:100%;--awb-order-medium:0;--awb-spacing-right-medium:1.92%;--awb-spacing-left-medium:1.92%;--awb-width-small:100%;--awb-order-small:0;--awb-spacing-right-small:1.92%;--awb-spacing-left-small:1.92%;\"><div class=\"fusion-column-wrapper fusion-column-has-shadow fusion-flex-justify-content-flex-start fusion-content-layout-column\"><\/div><\/div><\/div><\/div><div class=\"fusion-fullwidth fullwidth-box fusion-builder-row-2 fusion-flex-container has-pattern-background has-mask-background nonhundred-percent-fullwidth non-hundred-percent-height-scrolling\" style=\"--awb-border-radius-top-left:0px;--awb-border-radius-top-right:0px;--awb-border-radius-bottom-right:0px;--awb-border-radius-bottom-left:0px;--awb-padding-top:70px;--awb-padding-bottom:35px;--awb-padding-top-small:30px;--awb-flex-wrap:wrap;\" ><div class=\"fusion-builder-row fusion-row fusion-flex-align-items-flex-start fusion-flex-content-wrap\" style=\"max-width:1248px;margin-left: calc(-4% \/ 2 );margin-right: calc(-4% \/ 2 );\"><div class=\"fusion-layout-column fusion_builder_column fusion-builder-column-1 fusion_builder_column_1_1 1_1 fusion-flex-column\" style=\"--awb-padding-top:30px;--awb-padding-top-small:0px;--awb-bg-size:cover;--awb-width-large:100%;--awb-margin-top-large:0px;--awb-spacing-right-large:1.92%;--awb-margin-bottom-large:20px;--awb-spacing-left-large:1.92%;--awb-width-medium:100%;--awb-order-medium:0;--awb-spacing-right-medium:1.92%;--awb-spacing-left-medium:1.92%;--awb-width-small:100%;--awb-order-small:0;--awb-spacing-right-small:1.92%;--awb-spacing-left-small:1.92%;\" data-scroll-devices=\"small-visibility,medium-visibility,large-visibility\"><div class=\"fusion-column-wrapper fusion-column-has-shadow fusion-flex-justify-content-flex-start fusion-content-layout-column\"><div class=\"fusion-title title fusion-title-1 sep-underline sep-solid fusion-title-text fusion-title-size-one\" style=\"--awb-text-color:var(--awb-color4);--awb-margin-bottom:50px;--awb-sep-color:var(--awb-color4);--awb-font-size:36px;\"><h1 class=\"fusion-title-heading title-heading-left\" style=\"font-family:var(--awb-typography2-font-family);font-weight:var(--awb-typography2-font-weight);font-style:var(--awb-typography2-font-style);margin:0;font-size:1em;letter-spacing:var(--awb-typography2-letter-spacing);text-transform:var(--awb-typography2-text-transform);line-height:var(--awb-typography2-line-height);\"><h2>AVISO LEGAL<\/h2><\/h1><\/div><div class=\"fusion-text fusion-text-1\" style=\"--awb-font-size:var(--awb-typography5-font-size);--awb-line-height:var(--awb-typography5-line-height);--awb-letter-spacing:var(--awb-typography5-letter-spacing);--awb-text-transform:var(--awb-typography5-text-transform);--awb-text-color:var(--awb-color8);--awb-text-font-family:var(--awb-typography5-font-family);--awb-text-font-weight:var(--awb-typography5-font-weight);--awb-text-font-style:var(--awb-typography5-font-style);\"><p>Para dar cumplimiento a las obligaciones dispuestas en la Ley 34\/2002, de Servicios de la Sociedad de la Informaci\u00f3n y del Comercio Electr\u00f3nico (LSSI-CE), el propietario de este sitio web, en adelante el prestador pone a disposici\u00f3n de los usuarios la siguiente informaci\u00f3n:<\/p>\n<p>Denominaci\u00f3n Social: Pons &amp; Pujol Associats. Corredoria d\u2019Assegurances SL<br \/>\nNombre Comercial: Pons &amp; Pujol<br \/>\nDomicilio Social: Rovira Roure, 14-16, 7\u00e8 A, Lleida<br \/>\nCIF \/ NIF: B-25277567<br \/>\nTel\u00e8fon: 973 23 58 58<br \/>\ne-mail: <a href=\"mailto:ponspujol@ponspujol.com\" target=\"_blank\" rel=\"noopener\">ponspujol@ponspujol.com<\/a><\/p>\n<h6>OBJETO<\/h6>\n<p>El acceso y uso del sitio web atribuye al que lo realiza la condici\u00f3n de \u201cUsuario\u201d e implica la aceptaci\u00f3n \u00edntegra, expresa y sin reservas de las presentes condiciones, vigentes en el momento del acceso. Si el usuario no comprendiera en su totalidad las presentes condiciones de uso o no estuviera de acuerdo con las mismas, deber\u00e1 abstenerse de utilizar y operar a trav\u00e9s de este sitio web.<\/p>\n<p>Pons &amp; Pujol Associats. Corredoria d\u2019Assegurances SL se reserva el derecho a modificar cualquier tipo de informaci\u00f3n que pueda aparecer en el sitio web, sin que exista obligaci\u00f3n de preavisar o poner en conocimiento de los usuarios dichas obligaciones, entendi\u00e9ndose como suficiente con la publicaci\u00f3n en el sitio web del prestador Pons &amp; Pujol Associats. Corredoria d\u2019Assegurances SL<\/p>\n<h6>USO DE LA P\u00c1GINA<\/h6>\n<p>El usuario se obliga a no utilizar la p\u00e1gina para la realizaci\u00f3n de actividades contrarias a las leyes, a la moral, al orden p\u00fablico y, en general, a hacer un uso conforme a las condiciones establecidas en el presente Aviso Legal. Asimismo, se obliga a no realizar actividades publicitarias o de explotaci\u00f3n comercial remitiendo mensajes que utilicen una identidad falsa.<\/p>\n<p>Pons &amp; Pujol Associats. Corredoria d\u2019Assegurances SL act\u00faa exclusivamente como responsable de la p\u00e1gina en su condici\u00f3n de prestador de un servicio de informaci\u00f3n sobre sus propios servicios y venta de art\u00edculos o productos.<\/p>\n<p>Pons &amp; Pujol Associats. Corredoria d\u2019Assegurances SL podr\u00e1 interrumpir el servicio de la p\u00e1gina que est\u00e9 siendo utilizado por el usuario y resolver de modo inmediato si detecta un uso de la p\u00e1gina o de cualquiera de los servicios que en ella se ofertan que pueda considerarse contrario a lo expresado en el presente Aviso Legal<\/p>\n<h6>PROPIEDAD INTELECTUAL E INDUSTRIAL<\/h6>\n<p>La totalidad de esta p\u00e1gina: texto, logos, im\u00e1genes, marcas, gr\u00e1ficos, logotipos, botones, archivos de software, combinaciones de colores, as\u00ed como la estructura, selecci\u00f3n, ordenaci\u00f3n y presentaci\u00f3n de sus contenidos, se encuentra protegida por las leyes sobre Propiedad Intelectual e Industrial, quedando prohibida su reproducci\u00f3n, distribuci\u00f3n, comunicaci\u00f3n p\u00fablica y transformaci\u00f3n, salvo para uso personal y privado.<\/p>\n<p>La compa\u00f1\u00eda no garantiza que los contenidos sean precisos o libres de error o que el libre uso de los mismos por el usuario no infrinja los derechos de terceras partes. El buen o mal uso de esta p\u00e1gina y de sus contenidos est\u00e1 bajo la responsabilidad del usuario.<\/p>\n<p>Asimismo, queda prohibida la reproducci\u00f3n, retransmisi\u00f3n, copia, cesi\u00f3n o redifusi\u00f3n, total o parcial, de la informaci\u00f3n contenida en la p\u00e1gina, cualquiera que fuera su finalidad y el medio utilizado para ello, sin autorizaci\u00f3n previa de Pons &amp; Pujol Associats. Corredoria d\u2019Assegurances SL<\/p>\n<h6>ENLACES O LINKS<\/h6>\n<p>La p\u00e1gina puede incluir enlaces o links a sitios de terceros. Las p\u00e1ginas pertenecientes a terceros no han sido revisadas ni son objeto de controles por nuestra parte. En cualquier caso, no podremos ser considerados responsable de los contenidos de estos sitios web ni de las medidas que se adopten relativas a su privacidad o al tratamiento de sus datos de car\u00e1cter personal. Recomendamos la lectura detenida de las condiciones de uso y la pol\u00edtica de privacidad de estos sitios.<\/p>\n<p>En caso de estar interesado en activar un enlace a nuestra p\u00e1gina deber\u00e1 comunicarlo, obteniendo el consentimiento expreso para crear el enlace. Pons &amp; Pujol Associats. Corredoria d\u2019Assegurances SL se reserva el derecho de oposici\u00f3n a la activaci\u00f3n de enlaces con su sitio web.<\/p>\n<h6>RESPONSABILIDADES<\/h6>\n<p>Pons &amp; Pujol Associats. Corredoria d\u2019Assegurances SL no ser\u00e1 responsable directa ni subsidiariamente de:<\/p>\n<ul>\n<li>La velocidad de acceso, el correcto funcionamiento ni la disponibilidad ni continuidad de funcionamiento de la p\u00e1gina.<\/li>\n<li>Los da\u00f1os que puedan causarse en los equipos del usuario por el uso de la p\u00e1gina.<\/li>\n<li>Los casos en que un tercero, quebrantando las medidas de seguridad establecidas, acceda a los mensajes o los utilice para la remisi\u00f3n de virus inform\u00e1ticos.<\/li>\n<li>La licitud, fiabilidad y utilidad de los contenidos que los usuarios transmitan con el uso de la p\u00e1gina o de los servicios en ella ofertados, as\u00ed como tampoco su veracidad o exactitud. Pons &amp; Pujol Associats. Corredoria d\u2019Assegurances SL no controla el uso que los usuarios hacen de la p\u00e1gina, ni garantiza que lo hagan conforme a lo establecido en el presente Aviso Legal.<\/li>\n<\/ul>\n<p>A t\u00edtulo enunciativo y con car\u00e1cter no limitativo, el usuario ser\u00e1 responsable de:<\/p>\n<ul>\n<li>De los contenidos introducidos por ellos, especialmente de los datos e informaciones introducidos y enviados a la compa\u00f1\u00eda por medio de la p\u00e1gina o en la p\u00e1gina.<\/li>\n<li>De la realizaci\u00f3n de cualquier tipo de actuaci\u00f3n il\u00edcita, que da\u00f1e los derechos de terceros, o que sea nociva y\/o perjudicial.<\/li>\n<\/ul>\n<h6>PROTECCI\u00d3N DE DATOS DE CAR\u00c1CTER PERSONAL<\/h6>\n<p>Pons &amp; Pujol Associats. Corredoria d\u2019Assegurances SL pone en conocimiento de los usuarios de la p\u00e1gina web de su titularidad la legislaci\u00f3n vigente en materia de protecci\u00f3n de datos de car\u00e1cter personal, privacidad de los usuarios y el secreto y seguridad de los datos personales en el apartado denominado \u201cPol\u00edtica de Privacidad\u201d de nuestra web.<\/p>\n<p>Hemos adoptado las medidas de \u00edndole t\u00e9cnica y organizativa necesarias para garantizar la seguridad de los datos de car\u00e1cter personal remitidos y, para evitar su alteraci\u00f3n, p\u00e9rdida, tratamiento o acceso no autorizado, habida cuenta del estado de la tecnolog\u00eda, la naturaleza de los datos y los riesgos a los que est\u00e1n expuestos.<\/p>\n<p>La navegaci\u00f3n por la p\u00e1gina web deja como rastro la direcci\u00f3n IP asignada por su proveedor de acceso, estos datos \u00fanicamente ser\u00e1n utilizados con la finalidad de elaborar datos estad\u00edsticos de la p\u00e1gina.<\/p>\n<h6>POL\u00cdTICA DE COOKIES<\/h6>\n<p>Puede consultar nuestra pol\u00edtica del tratamiento de cookies en el enlace correspondiente en nuestro web denominado <a href=\"https:\/\/ponspujol.com\/es\/index.php\/politica-de-cookies\/\" target=\"_blank\" rel=\"noopener\">Pol\u00edtica de Cookies<\/a>.<\/p>\n<h6>FUERO<\/h6>\n<p>El presente Aviso Legal se encuentra redactado en castellano, y se encuentra sometido a la legislaci\u00f3n espa\u00f1ola y europea vigente. Para cualquier tipo de controversia derivada de la utilizaci\u00f3n de los servicios ofrecidos o de los contenidos propios de la p\u00e1gina, las partes con la aceptaci\u00f3n del clausulado establecido en el presente Aviso Legal se someter\u00e1n a los Tribunales y Juzgados competentes.<\/p>\n<\/div><\/div><\/div><\/div><\/div><\/p>\n","protected":false},"excerpt":{"rendered":"","protected":false},"author":1,"featured_media":0,"parent":0,"menu_order":0,"comment_status":"closed","ping_status":"open","template":"100-width.php","meta":{"footnotes":""},"class_list":["post-489","page","type-page","status-publish","hentry"],"_links":{"self":[{"href":"https:\/\/ponspujol.com\/es\/wp-json\/wp\/v2\/pages\/489","targetHints":{"allow":["GET"]}}],"collection":[{"href":"https:\/\/ponspujol.com\/es\/wp-json\/wp\/v2\/pages"}],"about":[{"href":"https:\/\/ponspujol.com\/es\/wp-json\/wp\/v2\/types\/page"}],"author":[{"embeddable":true,"href":"https:\/\/ponspujol.com\/es\/wp-json\/wp\/v2\/users\/1"}],"replies":[{"embeddable":true,"href":"https:\/\/ponspujol.com\/es\/wp-json\/wp\/v2\/comments?post=489"}],"version-history":[{"count":4,"href":"https:\/\/ponspujol.com\/es\/wp-json\/wp\/v2\/pages\/489\/revisions"}],"predecessor-version":[{"id":699,"href":"https:\/\/ponspujol.com\/es\/wp-json\/wp\/v2\/pages\/489\/revisions\/699"}],"wp:attachment":[{"href":"https:\/\/ponspujol.com\/es\/wp-json\/wp\/v2\/media?parent=489"}],"curies":[{"name":"wp","href":"https:\/\/api.w.org\/{rel}","templated":true}]}}